{"id":2752,"date":"2025-04-19T23:21:24","date_gmt":"2025-04-19T23:21:24","guid":{"rendered":"https:\/\/expertscomp.com\/blogs\/expertsreview\/?page_id=2752"},"modified":"2025-04-19T23:21:24","modified_gmt":"2025-04-19T23:21:24","slug":"sobre-nos","status":"publish","type":"page","link":"https:\/\/expertscomp.com\/blogs\/expertsreview\/sobre-nos\/","title":{"rendered":"Sobre N\u00f3s"},"content":{"rendered":"<p class=\"\" data-start=\"238\" data-end=\"279\"><strong data-start=\"238\" data-end=\"279\">Blog Experts Review &#8211; Expertscomp.com<\/strong><\/p>\n<p class=\"\" data-start=\"281\" data-end=\"441\">No <strong data-start=\"284\" data-end=\"307\">Blog Experts Review<\/strong>, nossa miss\u00e3o \u00e9 simples: <strong data-start=\"333\" data-end=\"383\">ajudar voc\u00ea a tomar decis\u00f5es mais inteligentes<\/strong> com base em an\u00e1lises confi\u00e1veis, imparciais e acess\u00edveis.<\/p>\n<p class=\"\" data-start=\"443\" data-end=\"679\">Somos um time de <strong data-start=\"460\" data-end=\"502\">especialistas, redatores e entusiastas<\/strong> de tecnologia, eletr\u00f4nicos, ferramentas, softwares e servi\u00e7os digitais. Reunimos nosso conhecimento para entregar conte\u00fado \u00fatil, claro e baseado em <strong data-start=\"651\" data-end=\"678\">experi\u00eancia real de uso<\/strong>.<\/p>\n<h3 class=\"\" data-start=\"686\" data-end=\"708\">\ud83d\ude80 O Que Fazemos<\/h3>\n<p class=\"\" data-start=\"709\" data-end=\"784\">Testamos, comparamos e analisamos produtos e servi\u00e7os para oferecer a voc\u00ea:<\/p>\n<ul data-start=\"786\" data-end=\"1010\">\n<li class=\"\" data-start=\"786\" data-end=\"823\">\n<p class=\"\" data-start=\"788\" data-end=\"823\"><strong data-start=\"788\" data-end=\"808\">Reviews honestos<\/strong> e completos.<\/p>\n<\/li>\n<li class=\"\" data-start=\"824\" data-end=\"875\">\n<p class=\"\" data-start=\"826\" data-end=\"875\"><strong data-start=\"826\" data-end=\"845\">Guias de compra<\/strong> com recomenda\u00e7\u00f5es pr\u00e1ticas.<\/p>\n<\/li>\n<li class=\"\" data-start=\"876\" data-end=\"942\">\n<p class=\"\" data-start=\"878\" data-end=\"942\"><strong data-start=\"878\" data-end=\"899\">Tutoriais e dicas<\/strong> para aproveitar ao m\u00e1ximo suas escolhas.<\/p>\n<\/li>\n<li class=\"\" data-start=\"943\" data-end=\"1010\">\n<p class=\"\" data-start=\"945\" data-end=\"1010\"><strong data-start=\"945\" data-end=\"970\">An\u00e1lises comparativas<\/strong> com pr\u00f3s, contras e performance real.<\/p>\n<\/li>\n<\/ul>\n<p class=\"\" data-start=\"1012\" data-end=\"1093\">Tudo para que voc\u00ea compre com confian\u00e7a, economize tempo e evite arrependimentos.<\/p>\n<h3 class=\"\" data-start=\"1100\" data-end=\"1126\">\ud83d\udccc Nosso Compromisso<\/h3>\n<ul data-start=\"1127\" data-end=\"1444\">\n<li class=\"\" data-start=\"1127\" data-end=\"1239\">\n<p class=\"\" data-start=\"1129\" data-end=\"1239\"><strong data-start=\"1129\" data-end=\"1153\">Transpar\u00eancia total:<\/strong> revelamos quando h\u00e1 links de afiliados e como isso impacta (ou n\u00e3o) nossos reviews.<\/p>\n<\/li>\n<li class=\"\" data-start=\"1240\" data-end=\"1334\">\n<p class=\"\" data-start=\"1242\" data-end=\"1334\"><strong data-start=\"1242\" data-end=\"1265\">Conte\u00fado imparcial:<\/strong> nossas an\u00e1lises n\u00e3o s\u00e3o patrocinadas nem influenciadas por marcas.<\/p>\n<\/li>\n<li class=\"\" data-start=\"1335\" data-end=\"1444\">\n<p class=\"\" data-start=\"1337\" data-end=\"1444\"><strong data-start=\"1337\" data-end=\"1363\">Atualiza\u00e7\u00e3o constante:<\/strong> revisamos regularmente nossos conte\u00fados para manter tudo atualizado e relevante.<\/p>\n<\/li>\n<\/ul>\n<h3 class=\"\" data-start=\"1451\" data-end=\"1480\">\ud83c\udf0d Para Quem Escrevemos<\/h3>\n<p class=\"\" data-start=\"1481\" data-end=\"1626\">Se voc\u00ea \u00e9 algu\u00e9m que <strong data-start=\"1502\" data-end=\"1531\">pesquisa antes de comprar<\/strong>, que valoriza opini\u00e3o t\u00e9cnica e quer saber o que realmente vale a pena, esse blog \u00e9 para voc\u00ea.<\/p>\n<p class=\"\" data-start=\"1628\" data-end=\"1652\">Nossos leitores incluem:<\/p>\n<ul data-start=\"1653\" data-end=\"1820\">\n<li class=\"\" data-start=\"1653\" data-end=\"1705\">\n<p class=\"\" data-start=\"1655\" data-end=\"1705\">Usu\u00e1rios comuns buscando o melhor custo-benef\u00edcio.<\/p>\n<\/li>\n<li class=\"\" data-start=\"1706\" data-end=\"1763\">\n<p class=\"\" data-start=\"1708\" data-end=\"1763\">Profissionais em busca de performance e confiabilidade.<\/p>\n<\/li>\n<li class=\"\" data-start=\"1764\" data-end=\"1820\">\n<p class=\"\" data-start=\"1766\" data-end=\"1820\">Curiosos que querem entender como as coisas funcionam.<\/p>\n<\/li>\n<\/ul>\n<h3 class=\"\" data-start=\"1827\" data-end=\"1854\">\ud83e\udde0 Quem Est\u00e1 Por Tr\u00e1s<\/h3>\n<p class=\"\" data-start=\"1855\" data-end=\"2107\"><strong data-start=\"1855\" data-end=\"1874\">Expertscomp.com<\/strong> foi criado por profissionais apaixonados por tecnologia, an\u00e1lise de dados, marketing digital e jornalismo investigativo.<br data-start=\"1995\" data-end=\"1998\" \/>Cada membro da equipe contribui com <strong data-start=\"2034\" data-end=\"2106\">vis\u00e3o cr\u00edtica, responsabilidade editorial e compromisso com o leitor<\/strong>.<\/p>\n<h3 class=\"\" data-start=\"2114\" data-end=\"2159\">\ud83e\udd1d Trabalhe Conosco ou Entre em Contato<\/h3>\n<p class=\"\" data-start=\"2160\" data-end=\"2243\">Quer colaborar, enviar sugest\u00f5es ou tirar d\u00favidas?<br data-start=\"2210\" data-end=\"2213\" \/>\ud83d\udce7 <strong data-start=\"2216\" data-end=\"2243\"><a rel=\"noopener\" data-start=\"2218\" data-end=\"2241\">contato@expertscomp.com<\/a><\/strong><\/p>\n<p class=\"\" data-start=\"2250\" data-end=\"2373\"><strong data-start=\"2250\" data-end=\"2291\">Blog Experts Review &#8211; Expertscomp.com<\/strong><br data-start=\"2291\" data-end=\"2294\" \/>\ud83d\udc49 Onde especialistas e consumidores se encontram para tomar decis\u00f5es melhores.<\/p>\n","protected":false},"excerpt":{"rendered":"<p>Blog Experts Review &#8211; Expertscomp.com No Blog Experts Review, nossa miss\u00e3o \u00e9 simples: ajudar voc\u00ea a tomar decis\u00f5es mais inteligentes com base em an\u00e1lises confi\u00e1veis, imparciais e acess\u00edveis. Somos um time de especialistas, redatores e entusiastas de tecnologia, eletr\u00f4nicos, ferramentas, softwares e servi\u00e7os digitais. Reunimos nosso conhecimento para entregar conte\u00fado \u00fatil, claro e baseado em<\/p>\n","protected":false},"author":1,"featured_media":0,"parent":0,"menu_order":0,"comment_status":"closed","ping_status":"closed","template":"","meta":{"footnotes":""},"class_list":["post-2752","page","type-page","status-publish"],"jetpack_sharing_enabled":true,"jetpack_likes_enabled":true,"jetpack-related-posts":[],"_links":{"self":[{"href":"https:\/\/expertscomp.com\/blogs\/expertsreview\/wp-json\/wp\/v2\/pages\/2752","targetHints":{"allow":["GET"]}}],"collection":[{"href":"https:\/\/expertscomp.com\/blogs\/expertsreview\/wp-json\/wp\/v2\/pages"}],"about":[{"href":"https:\/\/expertscomp.com\/blogs\/expertsreview\/wp-json\/wp\/v2\/types\/page"}],"author":[{"embeddable":true,"href":"https:\/\/expertscomp.com\/blogs\/expertsreview\/wp-json\/wp\/v2\/users\/1"}],"replies":[{"embeddable":true,"href":"https:\/\/expertscomp.com\/blogs\/expertsreview\/wp-json\/wp\/v2\/comments?post=2752"}],"version-history":[{"count":2,"href":"https:\/\/expertscomp.com\/blogs\/expertsreview\/wp-json\/wp\/v2\/pages\/2752\/revisions"}],"predecessor-version":[{"id":2754,"href":"https:\/\/expertscomp.com\/blogs\/expertsreview\/wp-json\/wp\/v2\/pages\/2752\/revisions\/2754"}],"wp:attachment":[{"href":"https:\/\/expertscomp.com\/blogs\/expertsreview\/wp-json\/wp\/v2\/media?parent=2752"}],"curies":[{"name":"wp","href":"https:\/\/api.w.org\/{rel}","templated":true}]}}