{"id":2749,"date":"2025-04-19T23:18:50","date_gmt":"2025-04-19T23:18:50","guid":{"rendered":"https:\/\/expertscomp.com\/blogs\/expertsreview\/?page_id=2749"},"modified":"2025-04-19T23:18:50","modified_gmt":"2025-04-19T23:18:50","slug":"pagina-de-transparencia","status":"publish","type":"page","link":"https:\/\/expertscomp.com\/blogs\/expertsreview\/pagina-de-transparencia\/","title":{"rendered":"P\u00e1gina de Transpar\u00eancia"},"content":{"rendered":"<p class=\"\" data-start=\"230\" data-end=\"271\"><strong data-start=\"230\" data-end=\"271\">Blog Experts Review &#8211; Expertscomp.com<\/strong><\/p>\n<p class=\"\" data-start=\"273\" data-end=\"592\">No <strong data-start=\"276\" data-end=\"299\">Blog Experts Review<\/strong>, prezamos pela <strong data-start=\"315\" data-end=\"364\">credibilidade, imparcialidade e transpar\u00eancia<\/strong> no conte\u00fado que produzimos. Esta p\u00e1gina tem como objetivo explicar com clareza como nossos artigos s\u00e3o elaborados, de onde v\u00eam as informa\u00e7\u00f5es que utilizamos, e qual \u00e9 o nosso relacionamento com afiliados e parceiros comerciais.<\/p>\n<h3 class=\"\" data-start=\"599\" data-end=\"626\">\ud83d\udcdd Origem dos Artigos<\/h3>\n<p class=\"\" data-start=\"627\" data-end=\"838\">Todos os conte\u00fados publicados no Expertscomp.com s\u00e3o criados por redatores especializados, com base em <strong data-start=\"730\" data-end=\"756\">pesquisas aprofundadas<\/strong>, <strong data-start=\"758\" data-end=\"780\">testes de produtos<\/strong>, <strong data-start=\"782\" data-end=\"811\">revis\u00f5es de especialistas<\/strong> e <strong data-start=\"814\" data-end=\"837\">experi\u00eancia pr\u00e1tica<\/strong>.<\/p>\n<p class=\"\" data-start=\"840\" data-end=\"874\">Antes de publicar qualquer artigo:<\/p>\n<ul data-start=\"875\" data-end=\"1095\">\n<li class=\"\" data-start=\"875\" data-end=\"944\">\n<p class=\"\" data-start=\"877\" data-end=\"944\">Verificamos a <strong data-start=\"891\" data-end=\"921\">veracidade das informa\u00e7\u00f5es<\/strong> com fontes confi\u00e1veis.<\/p>\n<\/li>\n<li class=\"\" data-start=\"945\" data-end=\"1016\">\n<p class=\"\" data-start=\"947\" data-end=\"1016\">Reunimos <strong data-start=\"956\" data-end=\"986\">opini\u00f5es de usu\u00e1rios reais<\/strong> e dados t\u00e9cnicos atualizados.<\/p>\n<\/li>\n<li class=\"\" data-start=\"1017\" data-end=\"1095\">\n<p class=\"\" data-start=\"1019\" data-end=\"1095\">Revisamos cada conte\u00fado com foco na <strong data-start=\"1055\" data-end=\"1094\">clareza, utilidade e imparcialidade<\/strong>.<\/p>\n<\/li>\n<\/ul>\n<h3 class=\"\" data-start=\"1102\" data-end=\"1129\">\ud83d\uddbc\ufe0f Fonte das Imagens<\/h3>\n<p class=\"\" data-start=\"1130\" data-end=\"1180\">As imagens utilizadas no blog podem ter origem em:<\/p>\n<ul data-start=\"1181\" data-end=\"1449\">\n<li class=\"\" data-start=\"1181\" data-end=\"1228\">\n<p class=\"\" data-start=\"1183\" data-end=\"1228\">Fotografias pr\u00f3prias feitas por nossa equipe.<\/p>\n<\/li>\n<li class=\"\" data-start=\"1229\" data-end=\"1299\">\n<p class=\"\" data-start=\"1231\" data-end=\"1299\">Bancos de imagens gratuitos ou pagos com licen\u00e7a para uso comercial.<\/p>\n<\/li>\n<li class=\"\" data-start=\"1300\" data-end=\"1379\">\n<p class=\"\" data-start=\"1302\" data-end=\"1379\">Materiais de divulga\u00e7\u00e3o de empresas e marcas, sempre com os devidos cr\u00e9ditos.<\/p>\n<\/li>\n<li class=\"\" data-start=\"1380\" data-end=\"1449\">\n<p class=\"\" data-start=\"1382\" data-end=\"1449\">Prints e capturas de tela feitas diretamente dos produtos testados.<\/p>\n<\/li>\n<\/ul>\n<p class=\"\" data-start=\"1451\" data-end=\"1545\">Quando poss\u00edvel, inclu\u00edmos a <strong data-start=\"1480\" data-end=\"1499\">fonte da imagem<\/strong> diretamente na legenda ou ao final do artigo.<\/p>\n<h3 class=\"\" data-start=\"1552\" data-end=\"1600\">\ud83d\udcac Coment\u00e1rios e Participa\u00e7\u00e3o dos Leitores<\/h3>\n<p class=\"\" data-start=\"1601\" data-end=\"1766\">Acreditamos que a opini\u00e3o dos leitores \u00e9 essencial.<br data-start=\"1652\" data-end=\"1655\" \/>Os coment\u00e1rios em nossos artigos s\u00e3o bem-vindos e moderados para manter o respeito e a relev\u00e2ncia da discuss\u00e3o.<\/p>\n<p class=\"\" data-start=\"1768\" data-end=\"1785\">Voc\u00ea tamb\u00e9m pode:<\/p>\n<ul data-start=\"1786\" data-end=\"1941\">\n<li class=\"\" data-start=\"1786\" data-end=\"1834\">\n<p class=\"\" data-start=\"1788\" data-end=\"1834\">Sugerir produtos ou servi\u00e7os para analisarmos.<\/p>\n<\/li>\n<li class=\"\" data-start=\"1835\" data-end=\"1878\">\n<p class=\"\" data-start=\"1837\" data-end=\"1878\">Enviar sua experi\u00eancia com algum produto.<\/p>\n<\/li>\n<li class=\"\" data-start=\"1879\" data-end=\"1941\">\n<p class=\"\" data-start=\"1881\" data-end=\"1941\">Corrigir ou complementar informa\u00e7\u00f5es que tenhamos publicado.<\/p>\n<\/li>\n<\/ul>\n<p class=\"\" data-start=\"1943\" data-end=\"2031\">A sua participa\u00e7\u00e3o ajuda a manter o Blog Experts Review <strong data-start=\"1999\" data-end=\"2030\">transparente e colaborativo<\/strong>.<\/p>\n<h3 class=\"\" data-start=\"2038\" data-end=\"2070\">\ud83e\udd1d Afiliados e Publicidade<\/h3>\n<p class=\"\" data-start=\"2071\" data-end=\"2265\">Alguns links presentes nos artigos podem ser <strong data-start=\"2116\" data-end=\"2137\">links de afiliado<\/strong>. Isso significa que, ao clicar e comprar por meio desses links, podemos receber uma comiss\u00e3o <strong data-start=\"2231\" data-end=\"2264\">sem custo adicional para voc\u00ea<\/strong>.<\/p>\n<ul data-start=\"2267\" data-end=\"2453\">\n<li class=\"\" data-start=\"2267\" data-end=\"2342\">\n<p class=\"\" data-start=\"2269\" data-end=\"2342\"><strong data-start=\"2269\" data-end=\"2342\">Essas parcerias n\u00e3o influenciam nas nossas an\u00e1lises ou recomenda\u00e7\u00f5es.<\/strong><\/p>\n<\/li>\n<li class=\"\" data-start=\"2343\" data-end=\"2453\">\n<p class=\"\" data-start=\"2345\" data-end=\"2453\">Nossos reviews s\u00e3o feitos com base na <strong data-start=\"2383\" data-end=\"2425\">qualidade real dos produtos e servi\u00e7os<\/strong>, n\u00e3o em acordos comerciais.<\/p>\n<\/li>\n<\/ul>\n<p class=\"\" data-start=\"2455\" data-end=\"2613\">Tamb\u00e9m exibimos <strong data-start=\"2471\" data-end=\"2509\">an\u00fancios de parceiros selecionados<\/strong> para monetiza\u00e7\u00e3o do site, mas sempre com cuidado para que isso n\u00e3o interfira na experi\u00eancia de leitura.<\/p>\n<h3 class=\"\" data-start=\"2620\" data-end=\"2641\">\ud83d\udcec Fale Conosco<\/h3>\n<p class=\"\" data-start=\"2642\" data-end=\"2763\">Caso tenha d\u00favidas, sugest\u00f5es ou deseje contribuir com nosso conte\u00fado, entre em contato:<br data-start=\"2730\" data-end=\"2733\" \/>\ud83d\udce7 <strong data-start=\"2736\" data-end=\"2763\"><a rel=\"noopener\" data-start=\"2738\" data-end=\"2761\">contato@expertscomp.com<\/a><\/strong><\/p>\n<p class=\"\" data-start=\"2770\" data-end=\"2862\"><strong data-start=\"2770\" data-end=\"2811\">Blog Experts Review &#8211; Expertscomp.com<\/strong><br data-start=\"2811\" data-end=\"2814\" \/>\ud83d\udcc5 Atualizado pela \u00faltima vez em: 19 de Abril 2025<\/p>\n","protected":false},"excerpt":{"rendered":"<p>Blog Experts Review &#8211; Expertscomp.com No Blog Experts Review, prezamos pela credibilidade, imparcialidade e transpar\u00eancia no conte\u00fado que produzimos. Esta p\u00e1gina tem como objetivo explicar com clareza como nossos artigos s\u00e3o elaborados, de onde v\u00eam as informa\u00e7\u00f5es que utilizamos, e qual \u00e9 o nosso relacionamento com afiliados e parceiros comerciais. \ud83d\udcdd Origem dos Artigos Todos<\/p>\n","protected":false},"author":1,"featured_media":0,"parent":0,"menu_order":0,"comment_status":"closed","ping_status":"closed","template":"","meta":{"footnotes":""},"class_list":["post-2749","page","type-page","status-publish"],"jetpack_sharing_enabled":true,"jetpack_likes_enabled":true,"jetpack-related-posts":[],"_links":{"self":[{"href":"https:\/\/expertscomp.com\/blogs\/expertsreview\/wp-json\/wp\/v2\/pages\/2749","targetHints":{"allow":["GET"]}}],"collection":[{"href":"https:\/\/expertscomp.com\/blogs\/expertsreview\/wp-json\/wp\/v2\/pages"}],"about":[{"href":"https:\/\/expertscomp.com\/blogs\/expertsreview\/wp-json\/wp\/v2\/types\/page"}],"author":[{"embeddable":true,"href":"https:\/\/expertscomp.com\/blogs\/expertsreview\/wp-json\/wp\/v2\/users\/1"}],"replies":[{"embeddable":true,"href":"https:\/\/expertscomp.com\/blogs\/expertsreview\/wp-json\/wp\/v2\/comments?post=2749"}],"version-history":[{"count":2,"href":"https:\/\/expertscomp.com\/blogs\/expertsreview\/wp-json\/wp\/v2\/pages\/2749\/revisions"}],"predecessor-version":[{"id":2751,"href":"https:\/\/expertscomp.com\/blogs\/expertsreview\/wp-json\/wp\/v2\/pages\/2749\/revisions\/2751"}],"wp:attachment":[{"href":"https:\/\/expertscomp.com\/blogs\/expertsreview\/wp-json\/wp\/v2\/media?parent=2749"}],"curies":[{"name":"wp","href":"https:\/\/api.w.org\/{rel}","templated":true}]}}